{"id":1835,"date":"2025-06-05T05:06:44","date_gmt":"2025-06-05T03:06:44","guid":{"rendered":"https:\/\/www.mlynuanastazie.sk\/?page_id=1835"},"modified":"2025-06-13T20:57:03","modified_gmt":"2025-06-13T18:57:03","slug":"services-2-2","status":"publish","type":"page","link":"https:\/\/www.mlynuanastazie.sk\/index.php\/services-2-2\/","title":{"rendered":"Services #2 #2"},"content":{"rendered":"\t\t<div data-elementor-type=\"wp-page\" data-elementor-id=\"1835\" class=\"elementor elementor-1835\">\n\t\t\t\t<div class=\"elementor-element elementor-element-174eaf3 e-flex e-con-boxed e-con e-parent\" data-id=\"174eaf3\" data-element_type=\"container\" data-settings=\"{&quot;background_background&quot;:&quot;classic&quot;}\">\n\t\t\t\t\t<div class=\"e-con-inner\">\n\t\t\t\t<div class=\"elementor-element elementor-element-68c9b2d elementor-widget elementor-widget-heading\" data-id=\"68c9b2d\" data-element_type=\"widget\" data-widget_type=\"heading.default\">\n\t\t\t\t<div class=\"elementor-widget-container\">\n\t\t\t\t\t<h2 class=\"elementor-heading-title elementor-size-default\">PLES<\/h2>\t\t\t\t<\/div>\n\t\t\t\t<\/div>\n\t\t\t\t\t<\/div>\n\t\t\t\t<\/div>\n\t\t<div class=\"elementor-element elementor-element-99c75f1 e-flex e-con-boxed e-con e-parent\" data-id=\"99c75f1\" data-element_type=\"container\">\n\t\t\t\t\t<div class=\"e-con-inner\">\n\t\t\t\t<div class=\"elementor-element elementor-element-f8bc043 elementor-widget elementor-widget-text-editor\" data-id=\"f8bc043\" data-element_type=\"widget\" data-widget_type=\"text-editor.default\">\n\t\t\t\t<div class=\"elementor-widget-container\">\n\t\t\t\t\t\t\t\t\t<p>Ka\u017edoro\u010dne organizujeme minim\u00e1lne dva plesy, ktor\u00e9 s\u00fa dokonalou pr\u00edle\u017eitos\u0165ou na skvel\u00fa z\u00e1bavu v spolo\u010dnosti priate\u013eov. Nechajte sa unies\u0165 atmosf\u00e9rou tanca, hudby a radosti! Ak nechcete, aby v\u00e1m ples u\u0161iel, sledujte na\u0161e soci\u00e1lne siete, kde sa v\u010das dozviete o term\u00edne aj o sp\u00f4sobe zak\u00fapenia vstupeniek.<\/p>\t\t\t\t\t\t\t\t<\/div>\n\t\t\t\t<\/div>\n\t\t\t\t\t<\/div>\n\t\t\t\t<\/div>\n\t\t<div class=\"elementor-element elementor-element-a1aded5 e-flex e-con-boxed e-con e-parent\" data-id=\"a1aded5\" data-element_type=\"container\">\n\t\t\t\t\t<div class=\"e-con-inner\">\n\t\t\t\t<div class=\"elementor-element elementor-element-bc70be2 elementor-widget elementor-widget-spacer\" data-id=\"bc70be2\" data-element_type=\"widget\" data-widget_type=\"spacer.default\">\n\t\t\t\t<div class=\"elementor-widget-container\">\n\t\t\t\t\t\t\t<div class=\"elementor-spacer\">\n\t\t\t<div class=\"elementor-spacer-inner\"><\/div>\n\t\t<\/div>\n\t\t\t\t\t\t<\/div>\n\t\t\t\t<\/div>\n\t\t\t\t\t<\/div>\n\t\t\t\t<\/div>\n\t\t<div class=\"elementor-element elementor-element-cdd5376 e-flex e-con-boxed e-con e-parent\" data-id=\"cdd5376\" data-element_type=\"container\" data-settings=\"{&quot;background_background&quot;:&quot;classic&quot;}\">\n\t\t\t\t\t<div class=\"e-con-inner\">\n\t\t<div class=\"elementor-element elementor-element-951d756 e-flex e-con-boxed e-con e-child\" data-id=\"951d756\" data-element_type=\"container\" data-settings=\"{&quot;background_background&quot;:&quot;classic&quot;}\">\n\t\t\t\t\t<div class=\"e-con-inner\">\n\t\t<div class=\"elementor-element elementor-element-fbe5567 e-con-full e-flex e-con e-child\" data-id=\"fbe5567\" data-element_type=\"container\">\n\t\t\t\t<div class=\"elementor-element elementor-element-a91f01a elementor-widget elementor-widget-heading\" data-id=\"a91f01a\" data-element_type=\"widget\" data-widget_type=\"heading.default\">\n\t\t\t\t<div class=\"elementor-widget-container\">\n\t\t\t\t\t<h2 class=\"elementor-heading-title elementor-size-default\">Valent\u00ednsky \"svadobn\u00fd\" ples<\/h2>\t\t\t\t<\/div>\n\t\t\t\t<\/div>\n\t\t\t\t<div class=\"elementor-element elementor-element-f59b4bc elementor-widget__width-initial elementor-widget-tablet__width-inherit elementor-widget elementor-widget-text-editor\" data-id=\"f59b4bc\" data-element_type=\"widget\" data-widget_type=\"text-editor.default\">\n\t\t\t\t<div class=\"elementor-widget-container\">\n\t\t\t\t\t\t\t\t\t<p>Vymysleli sme jedine\u010dn\u00fd Valent\u00ednsky svadobn\u00fd ples! Viacer\u00ed hostia sa n\u00e1m toti\u017e priznali, \u017ee by chceli svadbu u n\u00e1s za\u017ei\u0165 na sk\u00fa\u0161ku. A t\u00ed, \u010do u\u017e t\u00fa svoju maj\u00fa d\u00e1vnej\u0161ie za sebou, by si ju zase radi zopakovali. Tak sme ich vypo\u010duli a vznikla trad\u00edcia, na ktor\u00fa sa mnoh\u00ed z v\u00e1s ka\u017edoro\u010dne te\u0161\u00edte. Je to ve\u010der, kedy sme v\u0161etci jedna ve\u013ek\u00e1 rodina a u\u017e\u00edvame z\u00e1bavu, dobr\u00e9 jedlo a svadobn\u00e9 zvyky.<\/p>\t\t\t\t\t\t\t\t<\/div>\n\t\t\t\t<\/div>\n\t\t\t\t<\/div>\n\t\t<div class=\"elementor-element elementor-element-c90d1be e-con-full e-flex e-con e-child\" data-id=\"c90d1be\" data-element_type=\"container\" data-settings=\"{&quot;background_background&quot;:&quot;classic&quot;}\">\n\t\t\t\t<\/div>\n\t\t\t\t\t<\/div>\n\t\t\t\t<\/div>\n\t\t\t\t\t<\/div>\n\t\t\t\t<\/div>\n\t\t<div class=\"elementor-element elementor-element-808915b e-grid e-con-boxed e-con e-parent\" data-id=\"808915b\" data-element_type=\"container\">\n\t\t\t\t\t<div class=\"e-con-inner\">\n\t\t\t\t<div class=\"elementor-element elementor-element-00b2d3f elementor-widget elementor-widget-testimonial\" data-id=\"00b2d3f\" data-element_type=\"widget\" data-widget_type=\"testimonial.default\">\n\t\t\t\t<div class=\"elementor-widget-container\">\n\t\t\t\t\t\t\t<div class=\"elementor-testimonial-wrapper\">\n\t\t\t\t\t\t\t<div class=\"elementor-testimonial-content\">\u00da\u017easn\u00fd ve\u010der pln\u00fd skvel\u00e9ho jedla, z\u00e1bavy, tanca a jedine\u010dnej atmosf\u00e9ry \nMlyn u Anastazie a Fero Kab\u00e1t  \/DJ + Videoprodukcia\/ obrovsk\u00e1 v\u010faka za v\u00fdnimo\u010dn\u00fd z\u00e1\u017eitok.<\/div>\n\t\t\t\n\t\t\t\t\t\t<div class=\"elementor-testimonial-meta elementor-has-image elementor-testimonial-image-position-aside\">\n\t\t\t\t<div class=\"elementor-testimonial-meta-inner\">\n\t\t\t\t\t\t\t\t\t\t\t<div class=\"elementor-testimonial-image\">\n\t\t\t\t\t\t\t<img fetchpriority=\"high\" decoding=\"async\" width=\"1536\" height=\"2048\" src=\"https:\/\/www.mlynuanastazie.sk\/wp-content\/uploads\/2025\/06\/497869987_9837685939640305_5537462899620711011_n.jpg\" class=\"attachment-full size-full wp-image-1892\" alt=\"\" srcset=\"https:\/\/www.mlynuanastazie.sk\/wp-content\/uploads\/2025\/06\/497869987_9837685939640305_5537462899620711011_n.jpg 1536w, https:\/\/www.mlynuanastazie.sk\/wp-content\/uploads\/2025\/06\/497869987_9837685939640305_5537462899620711011_n-225x300.jpg 225w, https:\/\/www.mlynuanastazie.sk\/wp-content\/uploads\/2025\/06\/497869987_9837685939640305_5537462899620711011_n-768x1024.jpg 768w, https:\/\/www.mlynuanastazie.sk\/wp-content\/uploads\/2025\/06\/497869987_9837685939640305_5537462899620711011_n-1152x1536.jpg 1152w\" sizes=\"(max-width: 1536px) 100vw, 1536px\" \/>\t\t\t\t\t\t<\/div>\n\t\t\t\t\t\n\t\t\t\t\t\t\t\t\t\t<div class=\"elementor-testimonial-details\">\n\t\t\t\t\t\t\t\t\t\t\t\t\t\t<div class=\"elementor-testimonial-name\">Andrea Luk\u00e1\u010dov\u00e1<\/div>\n\t\t\t\t\t\t\t\t\t\t\t\t\t\t\t\t\t\t\t<\/div>\n\t\t\t\t\t\t\t\t\t<\/div>\n\t\t\t<\/div>\n\t\t\t\t\t<\/div>\n\t\t\t\t\t\t<\/div>\n\t\t\t\t<\/div>\n\t\t\t\t<div class=\"elementor-element elementor-element-0be1b44 elementor-widget elementor-widget-testimonial\" data-id=\"0be1b44\" data-element_type=\"widget\" data-widget_type=\"testimonial.default\">\n\t\t\t\t<div class=\"elementor-widget-container\">\n\t\t\t\t\t\t\t<div class=\"elementor-testimonial-wrapper\">\n\t\t\t\t\t\t\t<div class=\"elementor-testimonial-content\">V\u010dera som si s babami u\u017eila ples v na\u0161om ob\u013e\u00fabenom podniku Mlyn u Anastazie . Skvel\u00e9 prostredie,jedlo, z\u00e1bava ,geni\u00e1lna partia skvel\u00fdch \u017eien s ktor\u00fdmi sme pretancovali cel\u00fa noc a par\u00e1dne sme sa zabavili\ud83d\udd1d \ud83d\udc83\ud83e\udd42Diev\u010dat\u00e1 dakujem, u\u017e teraz sa te\u0161\u00edm nabud\u00face\ud83d\ude18<\/div>\n\t\t\t\n\t\t\t\t\t\t<div class=\"elementor-testimonial-meta elementor-has-image elementor-testimonial-image-position-aside\">\n\t\t\t\t<div class=\"elementor-testimonial-meta-inner\">\n\t\t\t\t\t\t\t\t\t\t\t<div class=\"elementor-testimonial-image\">\n\t\t\t\t\t\t\t<img decoding=\"async\" width=\"957\" height=\"960\" src=\"https:\/\/www.mlynuanastazie.sk\/wp-content\/uploads\/2025\/06\/462209380_10160543253960886_8721772239070555362_n.jpg\" class=\"attachment-full size-full wp-image-1888\" alt=\"\" srcset=\"https:\/\/www.mlynuanastazie.sk\/wp-content\/uploads\/2025\/06\/462209380_10160543253960886_8721772239070555362_n.jpg 957w, https:\/\/www.mlynuanastazie.sk\/wp-content\/uploads\/2025\/06\/462209380_10160543253960886_8721772239070555362_n-300x300.jpg 300w, https:\/\/www.mlynuanastazie.sk\/wp-content\/uploads\/2025\/06\/462209380_10160543253960886_8721772239070555362_n-150x150.jpg 150w, https:\/\/www.mlynuanastazie.sk\/wp-content\/uploads\/2025\/06\/462209380_10160543253960886_8721772239070555362_n-768x770.jpg 768w\" sizes=\"(max-width: 957px) 100vw, 957px\" \/>\t\t\t\t\t\t<\/div>\n\t\t\t\t\t\n\t\t\t\t\t\t\t\t\t\t<div class=\"elementor-testimonial-details\">\n\t\t\t\t\t\t\t\t\t\t\t\t\t\t<div class=\"elementor-testimonial-name\">Anna \u0160velanov\u00e1 Oravcov\u00e1<\/div>\n\t\t\t\t\t\t\t\t\t\t\t\t\t\t\t\t\t\t\t<\/div>\n\t\t\t\t\t\t\t\t\t<\/div>\n\t\t\t<\/div>\n\t\t\t\t\t<\/div>\n\t\t\t\t\t\t<\/div>\n\t\t\t\t<\/div>\n\t\t\t\t\t<\/div>\n\t\t\t\t<\/div>\n\t\t<div class=\"elementor-element elementor-element-d2ea15a e-flex e-con-boxed e-con e-parent\" data-id=\"d2ea15a\" data-element_type=\"container\">\n\t\t\t\t\t<div class=\"e-con-inner\">\n\t\t\t\t<div class=\"elementor-element elementor-element-454bb7b elementor-widget elementor-widget-video\" data-id=\"454bb7b\" data-element_type=\"widget\" data-settings=\"{&quot;youtube_url&quot;:&quot;https:\\\/\\\/youtu.be\\\/XTexZIIORt4?si=1uizYVAmBiIUZVy8&quot;,&quot;video_type&quot;:&quot;youtube&quot;,&quot;controls&quot;:&quot;yes&quot;}\" data-widget_type=\"video.default\">\n\t\t\t\t<div class=\"elementor-widget-container\">\n\t\t\t\t\t\t\t<div class=\"elementor-wrapper elementor-open-inline\">\n\t\t\t<div class=\"elementor-video\"><\/div>\t\t<\/div>\n\t\t\t\t\t\t<\/div>\n\t\t\t\t<\/div>\n\t\t\t\t\t<\/div>\n\t\t\t\t<\/div>\n\t\t\t\t<\/div>\n\t\t","protected":false},"excerpt":{"rendered":"<p>PLES Ka\u017edoro\u010dne organizujeme minim\u00e1lne dva plesy, ktor\u00e9 s\u00fa dokonalou pr\u00edle\u017eitos\u0165ou na skvel\u00fa z\u00e1bavu v spolo\u010dnosti priate\u013eov. Nechajte sa unies\u0165 atmosf\u00e9rou tanca, hudby a radosti! Ak nechcete, aby v\u00e1m ples u\u0161iel, sledujte na\u0161e soci\u00e1lne siete, kde sa v\u010das dozviete o term\u00edne aj o sp\u00f4sobe zak\u00fapenia vstupeniek. Valent\u00ednsky &#8222;svadobn\u00fd&#8220; ples Vymysleli sme jedine\u010dn\u00fd Valent\u00ednsky svadobn\u00fd ples! Viacer\u00ed [&hellip;]<\/p>\n","protected":false},"author":1,"featured_media":0,"parent":0,"menu_order":0,"comment_status":"closed","ping_status":"closed","template":"","meta":{"om_disable_all_campaigns":false,"_monsterinsights_skip_tracking":false,"_monsterinsights_sitenote_active":false,"_monsterinsights_sitenote_note":"","_monsterinsights_sitenote_category":0,"footnotes":""},"class_list":["post-1835","page","type-page","status-publish","hentry"],"blocksy_meta":[],"aioseo_notices":[],"_links":{"self":[{"href":"https:\/\/www.mlynuanastazie.sk\/index.php\/wp-json\/wp\/v2\/pages\/1835","targetHints":{"allow":["GET"]}}],"collection":[{"href":"https:\/\/www.mlynuanastazie.sk\/index.php\/wp-json\/wp\/v2\/pages"}],"about":[{"href":"https:\/\/www.mlynuanastazie.sk\/index.php\/wp-json\/wp\/v2\/types\/page"}],"author":[{"embeddable":true,"href":"https:\/\/www.mlynuanastazie.sk\/index.php\/wp-json\/wp\/v2\/users\/1"}],"replies":[{"embeddable":true,"href":"https:\/\/www.mlynuanastazie.sk\/index.php\/wp-json\/wp\/v2\/comments?post=1835"}],"version-history":[{"count":25,"href":"https:\/\/www.mlynuanastazie.sk\/index.php\/wp-json\/wp\/v2\/pages\/1835\/revisions"}],"predecessor-version":[{"id":2158,"href":"https:\/\/www.mlynuanastazie.sk\/index.php\/wp-json\/wp\/v2\/pages\/1835\/revisions\/2158"}],"wp:attachment":[{"href":"https:\/\/www.mlynuanastazie.sk\/index.php\/wp-json\/wp\/v2\/media?parent=1835"}],"curies":[{"name":"wp","href":"https:\/\/api.w.org\/{rel}","templated":true}]}}